{"id":6,"date":"2021-09-12T13:48:26","date_gmt":"2021-09-12T11:48:26","guid":{"rendered":"http:\/\/localhost:8446\/?page_id=6"},"modified":"2024-02-19T21:20:04","modified_gmt":"2024-02-19T20:20:04","slug":"create-your-website-with-blocks","status":"publish","type":"page","link":"https:\/\/homesvithome.se\/","title":{"rendered":"V\u00e4lkommen till HomeSvITHome"},"content":{"rendered":"\n<p><\/p>\n\n\n\n<p><\/p>\n\n\n\n<h2 class=\"wp-block-heading alignwide has-text-align-center has-text-align-wide has-gigantic-font-size\" style=\"line-height:1.1\">&#8211;<em>&#8220;<em>Vi vill leverera den sj\u00e4lvklara l\u00f6sningen f\u00f6r att kommunicera med brukare i hemtj\u00e4nsten<\/em>&#8220;<\/em><\/h2>\n\n\n\n<div class=\"wp-block-columns alignwide are-vertically-aligned-top is-style-twentytwentyone-columns-overlap is-layout-flex wp-container-core-columns-layout-2 wp-block-columns-is-layout-flex\">\n<div class=\"wp-block-column is-vertically-aligned-top is-layout-flow wp-block-column-is-layout-flow\">\n<div class=\"wp-block-columns is-layout-flex wp-container-core-columns-layout-1 wp-block-columns-is-layout-flex\">\n<div class=\"wp-block-column is-layout-flow wp-block-column-is-layout-flow\" style=\"flex-basis:100%\">\n<p><\/p>\n\n\n\n<h1 class=\"wp-block-heading\"><strong>HEMKONTAKT<\/strong><\/h1>\n<\/div>\n<\/div>\n\n\n<div class=\"wp-block-image is-resized\">\n<figure class=\"aligncenter size-large\"><img loading=\"lazy\" decoding=\"async\" width=\"1024\" height=\"643\" src=\"http:\/\/www.homesvithome.se\/wp-content\/uploads\/2024\/02\/FunctionMap-1024x643.png\" alt=\"\" class=\"wp-image-138\" srcset=\"https:\/\/homesvithome.se\/wp-content\/uploads\/2024\/02\/FunctionMap-1024x643.png 1024w, https:\/\/homesvithome.se\/wp-content\/uploads\/2024\/02\/FunctionMap-300x188.png 300w, https:\/\/homesvithome.se\/wp-content\/uploads\/2024\/02\/FunctionMap-768x482.png 768w, https:\/\/homesvithome.se\/wp-content\/uploads\/2024\/02\/FunctionMap.png 1288w\" sizes=\"(max-width: 1024px) 100vw, 1024px\" \/><\/figure><\/div>\n\n\n<p><\/p>\n<\/div>\n<\/div>\n\n\n\n<div class=\"wp-block-columns is-layout-flex wp-container-core-columns-layout-4 wp-block-columns-is-layout-flex\">\n<div class=\"wp-block-column is-layout-flow wp-block-column-is-layout-flow\" style=\"flex-basis:100%\">\n<div class=\"wp-block-group alignwide is-layout-flow wp-block-group-is-layout-flow\"><div class=\"wp-block-group__inner-container\">\n<div class=\"wp-block-columns alignwide are-vertically-aligned-top is-layout-flex wp-container-core-columns-layout-3 wp-block-columns-is-layout-flex\">\n<div class=\"wp-block-column is-vertically-aligned-top is-layout-flow wp-block-column-is-layout-flow\">\n<h3 class=\"wp-block-heading\">Teknik skall hj\u00e4lpa<\/h3>\n\n\n\n<p class=\"has-text-align-left\">Ett ledord f\u00f6r oss \u00e4r att teknik skall hj\u00e4lpa utan att m\u00e4rkas och d\u00e5 p\u00e5 ett kostnadseffektiv s\u00e4tt<\/p>\n\n\n\n<p>HomeSvITHome \u00e4r ett f\u00f6retag med passion f\u00f6r att f\u00f6rb\u00e4ttra vardagen f\u00f6r \u00e4ldre. Bakom bolaget st\u00e5r en erfaren och engagerad grupp med gedigen erfarenhet och kunskap inom hemtj\u00e4nst, produktutveckling och f\u00f6retagsdrift. V\u00e5r erfarenhet har formulerat en vision -&#8220;Vi vill skapa en b\u00e4ttre v\u00e4rld med fokus p\u00e5 teknik f\u00f6r \u00e4ldres v\u00e4lbefinnande&#8221;<\/p>\n<\/div>\n\n\n\n<div class=\"wp-block-column is-vertically-aligned-top is-layout-flow wp-block-column-is-layout-flow\">\n<h3 class=\"wp-block-heading\">F\u00f6retagets historia<\/h3>\n\n\n\n<p>HomeSvitHome&nbsp;grundades 2021 utifr\u00e5n en id\u00e9. Tillsammans med Sollentuna kommun och med hj\u00e4lp av Socialstyrelsens digitaliseringsbidrag tog vi under 2022 fram ett koncept som sedan blev v\u00e5rt system Hemkontakt.<\/p>\n\n\n\n<p>Under 2022-2023 har systemet Hemkontakt&nbsp;vidareutvecklats.<\/p>\n\n\n\n<p>F\u00f6retaget best\u00e5r av medarbetare med erfarenhet fr\u00e5n olika produktbolag tillsammans med verksamhetskunnande fr\u00e5n socialtj\u00e4nsten.<\/p>\n<\/div>\n\n\n\n<div class=\"wp-block-column is-vertically-aligned-top is-layout-flow wp-block-column-is-layout-flow\">\n<h3 class=\"wp-block-heading\">V\u00e5ra l\u00f6sningar<\/h3>\n\n\n\n<p>Hemkontakt&nbsp;\u00e4r v\u00e5rt system f\u00f6r att kommunicera med brukare i hemtj\u00e4nsten.<br>Hemkontakt&nbsp;\u00e4r v\u00e5rt standardsystem som tillsammans med mindre anpassningar blir ett system som passar f\u00f6r din kommun.<br><a href=\"https:\/\/www.homesvithome.se\/?page_id=2\" data-type=\"page\" data-id=\"2\">L\u00e4s mer&#8230;<\/a><\/p>\n<\/div>\n<\/div>\n<\/div><\/div>\n<\/div>\n<\/div>\n\n\n\n<div class=\"wp-block-columns is-layout-flex wp-container-core-columns-layout-5 wp-block-columns-is-layout-flex\">\n<div class=\"wp-block-column is-layout-flow wp-block-column-is-layout-flow\"><\/div>\n<\/div>\n\n\n\n<div style=\"height:100px\" aria-hidden=\"true\" class=\"wp-block-spacer\"><\/div>\n\n\n\n<div class=\"wp-block-columns is-layout-flex wp-container-core-columns-layout-6 wp-block-columns-is-layout-flex\">\n<div class=\"wp-block-column is-layout-flow wp-block-column-is-layout-flow\"><\/div>\n\n\n\n<div class=\"wp-block-column is-layout-flow wp-block-column-is-layout-flow\"><\/div>\n<\/div>\n","protected":false},"excerpt":{"rendered":"<p>&#8211;&#8220;Vi vill leverera den sj\u00e4lvklara l\u00f6sningen f\u00f6r att kommunicera med brukare i hemtj\u00e4nsten&#8220; HEMKONTAKT Teknik skall hj\u00e4lpa Ett ledord f\u00f6r oss \u00e4r att teknik skall hj\u00e4lpa utan att m\u00e4rkas och d\u00e5 p\u00e5 ett kostnadseffektiv s\u00e4tt HomeSvITHome \u00e4r ett f\u00f6retag med passion f\u00f6r att f\u00f6rb\u00e4ttra vardagen f\u00f6r \u00e4ldre. Bakom bolaget st\u00e5r en erfaren och engagerad grupp &#8230; <a title=\"V\u00e4lkommen till HomeSvITHome\" class=\"read-more\" href=\"https:\/\/homesvithome.se\/\" aria-label=\"More on V\u00e4lkommen till HomeSvITHome\">Read more<\/a><\/p>\n","protected":false},"author":1,"featured_media":0,"parent":0,"menu_order":0,"comment_status":"closed","ping_status":"closed","template":"","meta":{"_uf_show_specific_survey":0,"_uf_disable_surveys":false,"footnotes":""},"aioseo_notices":[],"_links":{"self":[{"href":"https:\/\/homesvithome.se\/index.php?rest_route=\/wp\/v2\/pages\/6"}],"collection":[{"href":"https:\/\/homesvithome.se\/index.php?rest_route=\/wp\/v2\/pages"}],"about":[{"href":"https:\/\/homesvithome.se\/index.php?rest_route=\/wp\/v2\/types\/page"}],"author":[{"embeddable":true,"href":"https:\/\/homesvithome.se\/index.php?rest_route=\/wp\/v2\/users\/1"}],"replies":[{"embeddable":true,"href":"https:\/\/homesvithome.se\/index.php?rest_route=%2Fwp%2Fv2%2Fcomments&post=6"}],"version-history":[{"count":20,"href":"https:\/\/homesvithome.se\/index.php?rest_route=\/wp\/v2\/pages\/6\/revisions"}],"predecessor-version":[{"id":141,"href":"https:\/\/homesvithome.se\/index.php?rest_route=\/wp\/v2\/pages\/6\/revisions\/141"}],"wp:attachment":[{"href":"https:\/\/homesvithome.se\/index.php?rest_route=%2Fwp%2Fv2%2Fmedia&parent=6"}],"curies":[{"name":"wp","href":"https:\/\/api.w.org\/{rel}","templated":true}]}}