{"id":2,"date":"2021-02-22T00:56:48","date_gmt":"2021-02-22T00:56:48","guid":{"rendered":"http:\/?page_id=2"},"modified":"2024-01-22T07:52:02","modified_gmt":"2024-01-22T06:52:02","slug":"sample-page","status":"publish","type":"page","link":"https:\/\/homesvithome.se\/?page_id=2","title":{"rendered":"Hemkontakt"},"content":{"rendered":"\n<p class=\"has-medium-font-size\"><em>Vi vill leverera den sj\u00e4lvklara l\u00f6sningen f\u00f6r att kommunicera med brukare i hemtj\u00e4nsten<\/em><\/p>\n\n\n\n<p>HomeSvITHome presenterar Hemkontakt, en kraftfull l\u00f6sning f\u00f6r att kommunicera med och analysera feedback, fr\u00e5n brukare inom hemtj\u00e4nsten. Vi har en tydlig aff\u00e4rsid\u00e9: att m\u00f6jligg\u00f6ra st\u00e4ndiga f\u00f6rb\u00e4ttringar i hemtj\u00e4nsten genom att lyssna p\u00e5 brukarnas upplevelser. Hemkontakt \u00e4r speciellt utformad f\u00f6r att underl\u00e4tta kommunikationen med personer som f\u00e5r v\u00e5rd och omsorg.<\/p>\n\n\n\n<p>Genom att skapa och svara p\u00e5 unders\u00f6kningar kan anv\u00e4ndare f\u00e5 v\u00e4rdefulla insikter om tj\u00e4nstens effektivitet och anv\u00e4ndarupplevelse. Hemkontakt erbjuder kontinuerliga unders\u00f6kningar med resultat som presenteras p\u00e5 en dashboard f\u00f6r enkel \u00f6verblick. Vi har en s.k. &#8220;slow motion&#8221;-unders\u00f6kning som sprider fr\u00e5gorna \u00f6ver tid f\u00f6r att undvika en belastning f\u00f6r brukaren.<\/p>\n\n\n\n<p>Funktioner som meddelandefunktion f\u00f6r dialog och m\u00f6jlighet f\u00f6r brukare att sj\u00e4lva initiera synpunkter eller \u00f6nskem\u00e5l f\u00f6rb\u00e4ttrar kommunikationen. Unders\u00f6kningar kan riktas till olika grupper, inklusive brukare, n\u00e4rst\u00e5ende och medarbetare, vilket m\u00f6jligg\u00f6r j\u00e4mf\u00f6relser mellan olika perspektiv.<\/p>\n\n\n\n<p>Hemkontakt erbjuder hierarkisk uppbyggnad f\u00f6r organisationskontroll, och meddelandesystem f\u00f6r att informera vid of\u00f6rutsedda h\u00e4ndelser. Vi har en mobilapp, som \u00e4r t\u00e4nkt att anv\u00e4ndas av flertalet brukare och anh\u00f6riga. Vi har \u00e4ven en specialutvecklad svarsterminal f\u00f6r brukare med s\u00e4rskilda behov. Hemkontakt \u00e4r ocks\u00e5 \u00f6ppet f\u00f6r att dela funktioner med andra akt\u00f6rer. Vi fr\u00e4mjar s\u00e4kra och kostnadseffektiva l\u00f6sningar. Sammanfattningsvis erbjuder Hemkontakt en omfattande och kraftfull l\u00f6sning f\u00f6r att f\u00f6rb\u00e4ttra kommunikationen i hemtj\u00e4nstverksamheten.<\/p>\n\n\n\n<p><strong>Hur g\u00e5r det till?<\/strong><\/p>\n\n\n\n<p>Vid implementation i er kommun b\u00f6rjar vi med en workshop tillsammans f\u00f6r att ni ska f\u00e5 det ni vill ha.<br>D\u00e4r kommer vi \u00f6verens om anpassningar och integrationer <br>Tillsammans l\u00e4gger vi upp en plan f\u00f6r utbildning, s\u00e5v\u00e4l personal som brukare.<\/p>\n\n\n\n<p><strong>Kom ih\u00e5g!<\/strong> &#8211;  Hemkontakt&nbsp;passar bra f\u00f6r Socialstyrelsens bidrag f\u00f6r digitalisering av kommuners&nbsp;socialtj\u00e4nst.<\/p>\n\n\n\n<p><strong>Vill du ha en broschyr?<\/strong><\/p>\n\n\n\n<p>Vill du f\u00f6rdjupa dig i v\u00e5ra tj\u00e4nster och l\u00e4ra dig mer om vad vi har att erbjuda? Klicka p\u00e5 knappen nedan och skicka oss ett mail, d\u00e5 ska vi se till att du f\u00e5r v\u00e5r senaste broschyr direkt till din inkorg.<\/p>\n\n\n\n<p><button onclick=\"location.href='mailto:info@homesvithome.se?subject=Hemkontakt%20broschyr&amp;body=Skicka mig en broschyr'\" style=\"border-radius: 10px;display: inline-block; padding: 10px 20px; font-size: 16px;\"> Mail f\u00f6r broschyr<\/button><\/p>\n","protected":false},"excerpt":{"rendered":"<p>Vi vill leverera den sj\u00e4lvklara l\u00f6sningen f\u00f6r att kommunicera med brukare i hemtj\u00e4nsten HomeSvITHome presenterar Hemkontakt, en kraftfull l\u00f6sning f\u00f6r att kommunicera med och analysera feedback, fr\u00e5n brukare inom hemtj\u00e4nsten. Vi har en tydlig aff\u00e4rsid\u00e9: att m\u00f6jligg\u00f6ra st\u00e4ndiga f\u00f6rb\u00e4ttringar i hemtj\u00e4nsten genom att lyssna p\u00e5 brukarnas upplevelser. Hemkontakt \u00e4r speciellt utformad f\u00f6r att underl\u00e4tta kommunikationen &#8230; <a title=\"Hemkontakt\" class=\"read-more\" href=\"https:\/\/homesvithome.se\/?page_id=2\" aria-label=\"More on Hemkontakt\">Read more<\/a><\/p>\n","protected":false},"author":1,"featured_media":0,"parent":0,"menu_order":0,"comment_status":"closed","ping_status":"open","template":"","meta":{"_uf_show_specific_survey":0,"_uf_disable_surveys":false,"footnotes":""},"aioseo_notices":[],"_links":{"self":[{"href":"https:\/\/homesvithome.se\/index.php?rest_route=\/wp\/v2\/pages\/2"}],"collection":[{"href":"https:\/\/homesvithome.se\/index.php?rest_route=\/wp\/v2\/pages"}],"about":[{"href":"https:\/\/homesvithome.se\/index.php?rest_route=\/wp\/v2\/types\/page"}],"author":[{"embeddable":true,"href":"https:\/\/homesvithome.se\/index.php?rest_route=\/wp\/v2\/users\/1"}],"replies":[{"embeddable":true,"href":"https:\/\/homesvithome.se\/index.php?rest_route=%2Fwp%2Fv2%2Fcomments&post=2"}],"version-history":[{"count":13,"href":"https:\/\/homesvithome.se\/index.php?rest_route=\/wp\/v2\/pages\/2\/revisions"}],"predecessor-version":[{"id":128,"href":"https:\/\/homesvithome.se\/index.php?rest_route=\/wp\/v2\/pages\/2\/revisions\/128"}],"wp:attachment":[{"href":"https:\/\/homesvithome.se\/index.php?rest_route=%2Fwp%2Fv2%2Fmedia&parent=2"}],"curies":[{"name":"wp","href":"https:\/\/api.w.org\/{rel}","templated":true}]}}